{"id":4832,"date":"2022-02-26T13:47:40","date_gmt":"2022-02-26T12:47:40","guid":{"rendered":"https:\/\/gardadreamrealestate.com\/immobiliensuche\/"},"modified":"2026-02-21T16:32:30","modified_gmt":"2026-02-21T15:32:30","slug":"immobiliensuche","status":"publish","type":"page","link":"https:\/\/gardadreamrealestate.com\/de\/immobiliensuche\/","title":{"rendered":"Immobilien suchen"},"content":{"rendered":"\t\t<div data-elementor-type=\"wp-page\" data-elementor-id=\"4832\" class=\"elementor elementor-4832 elementor-24\" data-elementor-post-type=\"page\">\n\t\t\t\t<div class=\"elementor-element elementor-element-f1ed0fe e-flex e-con-boxed e-con e-parent\" data-id=\"f1ed0fe\" data-element_type=\"container\" data-e-type=\"container\">\n\t\t\t\t\t<div class=\"e-con-inner\">\n\t\t<div class=\"elementor-element elementor-element-b0d945c e-con-full e-flex e-con e-child\" data-id=\"b0d945c\" data-element_type=\"container\" data-e-type=\"container\">\n\t\t\t\t<div class=\"elementor-element elementor-element-3b68a4f elementor-widget elementor-widget-WpResidence_Search_Form_Builder\" data-id=\"3b68a4f\" data-element_type=\"widget\" data-e-type=\"widget\" data-widget_type=\"WpResidence_Search_Form_Builder.default\">\n\t\t\t\t<div class=\"elementor-widget-container\">\n\t\t\t\t\t   \n    <div class=\"search_wrapper search_wr_elementor search_wr_elementor_shadow_ \"> \n        <div class=\"search_wrapper_color\"><\/div>\n        \n         <div class=\"adv-search-header\">Erweiterte Suche<\/div>       \n        <div class=\"wpestate-adv-holder\">\n            <form role=\"search\" method=\"get\" action=\"https:\/\/gardadreamrealestate.com\/de\/immobiliensuche\/\" ><div class=\"elementor-field-group elementor-column form-group elementor-field-group-name elementor-col-25\"> <label for=\"form-field-name\" class=\"elementor-field-label\">Typologie<\/label><select class=\"form-control  wpestatemultiselectselectpicker\" multiple xx3\n            name=\"property_category[]\"\n            id=\"adv_categ\"\n            title=\"Typologie\"\n            \n            data-term-id-selected=\"\" data-search-taxonomy=\"property_category\" data-search-compare=\"equal\" data-search-post-meta=\"\"\n            data-selected-text-format=\"count\"\n            data-count-Selected-Text=\"{0} ausgew\u00e4hlte Objekte\"\n            data-select-all-text=\"Alle ausw\u00e4hlen\"\n            data-deselect-all-text=\"Keine ausw\u00e4hlen\"\n            data-actions-box=\"true\"\n            aria-labelledby=\"adv_categ\">\n            <option role=\"presentation\" value=\"bauland\" data-term-id=\"183\" data-taxonomy=\"categories\" \n                                       data-parent-value=\"\" data-value=\"bauland\" >Bauland<\/option><option role=\"presentation\" value=\"einfamilienhaus\" data-term-id=\"153\" data-taxonomy=\"categories\" \n                                       data-parent-value=\"\" data-value=\"einfamilienhaus\" >Einfamilienhaus<\/option><option role=\"presentation\" value=\"einzelvilla\" data-term-id=\"400\" data-taxonomy=\"categories\" \n                                       data-parent-value=\"\" data-value=\"einzelvilla\" >Einzelvilla<\/option><option role=\"presentation\" value=\"penthouse\" data-term-id=\"141\" data-taxonomy=\"categories\" \n                                       data-parent-value=\"\" data-value=\"penthouse\" >Penthouse<\/option><option role=\"presentation\" value=\"reihenhaus\" data-term-id=\"155\" data-taxonomy=\"categories\" \n                                       data-parent-value=\"\" data-value=\"reihenhaus\" >Reihenhaus<\/option><option role=\"presentation\" value=\"rustiko\" data-term-id=\"179\" data-taxonomy=\"categories\" \n                                       data-parent-value=\"\" data-value=\"rustiko\" >Rustiko<\/option><option role=\"presentation\" value=\"villa-de\" data-term-id=\"187\" data-taxonomy=\"categories\" \n                                       data-parent-value=\"\" data-value=\"villa-de\" >Villa<\/option><option role=\"presentation\" value=\"wohnung\" data-term-id=\"139\" data-taxonomy=\"categories\" \n                                       data-parent-value=\"\" data-value=\"wohnung\" >Wohnung<\/option><option role=\"presentation\" value=\"zweifamilienhaus\" data-term-id=\"147\" data-taxonomy=\"categories\" \n                                       data-parent-value=\"\" data-value=\"zweifamilienhaus\" >Zweifamilienhaus<\/option>\n        <\/select><\/div><div class=\"elementor-field-group elementor-column form-group elementor-field-group-message elementor-col-25\"> <label for=\"form-field-message\" class=\"elementor-field-label\">Provinz<\/label><select class=\"form-control  wpestatemultiselectselectpicker\" multiple xx3\n            name=\"property_city[]\"\n            id=\"property_city\"\n            title=\"Provinz\"\n            \n            data-term-id-selected=\"\" data-search-taxonomy=\"property_city\" data-search-compare=\"equal\" data-search-post-meta=\"\"\n            data-selected-text-format=\"count\"\n            data-count-Selected-Text=\"{0} ausgew\u00e4hlte Objekte\"\n            data-select-all-text=\"Alle ausw\u00e4hlen\"\n            data-deselect-all-text=\"Keine ausw\u00e4hlen\"\n            data-actions-box=\"true\"\n            aria-labelledby=\"property_city\">\n            <option role=\"presentation\" value=\"brescia-de\" data-term-id=\"193\" data-taxonomy=\"cities\" \n                                       data-parent-value=\"\" data-value=\"brescia-de\" >Brescia<\/option><option role=\"presentation\" value=\"mantova-de\" data-term-id=\"194\" data-taxonomy=\"cities\" \n                                       data-parent-value=\"\" data-value=\"mantova-de\" >Mantova<\/option><option role=\"presentation\" value=\"piacenza-4\" data-term-id=\"405\" data-taxonomy=\"cities\" \n                                       data-parent-value=\"\" data-value=\"piacenza-4\" >Piacenza<\/option><option role=\"presentation\" value=\"verona-de\" data-term-id=\"196\" data-taxonomy=\"cities\" \n                                       data-parent-value=\"\" data-value=\"verona-de\" >Verona<\/option>\n        <\/select><\/div><div class=\"elementor-field-group elementor-column form-group elementor-field-group-20a81eb elementor-col-25\"> <label for=\"form-field-20a81eb\" class=\"elementor-field-label\">Stadt<\/label><select class=\"form-control  wpestatemultiselectselectpicker\" multiple xx3\n            name=\"property_area[]\"\n            id=\"property_area\"\n            title=\"Stadt ...\"\n            \n            data-term-id-selected=\"\" data-search-taxonomy=\"property_area\" data-search-compare=\"equal\" data-search-post-meta=\"\"\n            data-selected-text-format=\"count\"\n            data-count-Selected-Text=\"{0} ausgew\u00e4hlte Objekte\"\n            data-select-all-text=\"Alle ausw\u00e4hlen\"\n            data-deselect-all-text=\"Keine ausw\u00e4hlen\"\n            data-actions-box=\"true\"\n            aria-labelledby=\"property_area\">\n            <option role=\"presentation\" value=\"castiglione-delle-stiviere-de\" data-term-id=\"379\" data-taxonomy=\"areas\" \n                                       data-parent-value=\"\" data-value=\"castiglione-delle-stiviere-de\" >Castiglione Delle Stiviere<\/option><option role=\"presentation\" value=\"desenzano-del-garda-de\" data-term-id=\"198\" data-taxonomy=\"areas\" \n                                       data-parent-value=\"\" data-value=\"desenzano-del-garda-de\" >Desenzano Del Garda<\/option><option role=\"presentation\" value=\"lonato-del-garda-de\" data-term-id=\"211\" data-taxonomy=\"areas\" \n                                       data-parent-value=\"\" data-value=\"lonato-del-garda-de\" >Lonato Del Garda<\/option><option role=\"presentation\" value=\"manerba-del-garda-de\" data-term-id=\"214\" data-taxonomy=\"areas\" \n                                       data-parent-value=\"\" data-value=\"manerba-del-garda-de\" >Manerba Del Garda<\/option><option role=\"presentation\" value=\"moniga-del-garda-de\" data-term-id=\"199\" data-taxonomy=\"areas\" \n                                       data-parent-value=\"\" data-value=\"moniga-del-garda-de\" >Moniga Del Garda<\/option><option role=\"presentation\" value=\"padenghe-sul-garda-de\" data-term-id=\"203\" data-taxonomy=\"areas\" \n                                       data-parent-value=\"\" data-value=\"padenghe-sul-garda-de\" >Padenghe Sul Garda<\/option><option role=\"presentation\" value=\"peschiera-del-garda-de\" data-term-id=\"217\" data-taxonomy=\"areas\" \n                                       data-parent-value=\"\" data-value=\"peschiera-del-garda-de\" >Peschiera Del Garda<\/option><option role=\"presentation\" value=\"piacenza-5\" data-term-id=\"406\" data-taxonomy=\"areas\" \n                                       data-parent-value=\"\" data-value=\"piacenza-5\" >Piacenza<\/option><option role=\"presentation\" value=\"polpenazze-del-garda-de\" data-term-id=\"219\" data-taxonomy=\"areas\" \n                                       data-parent-value=\"\" data-value=\"polpenazze-del-garda-de\" >Polpenazze Del Garda<\/option><option role=\"presentation\" value=\"pozzolengo-de\" data-term-id=\"244\" data-taxonomy=\"areas\" \n                                       data-parent-value=\"\" data-value=\"pozzolengo-de\" >Pozzolengo<\/option><option role=\"presentation\" value=\"puegnago-sul-garda-de\" data-term-id=\"220\" data-taxonomy=\"areas\" \n                                       data-parent-value=\"\" data-value=\"puegnago-sul-garda-de\" >Puegnago Sul Garda<\/option><option role=\"presentation\" value=\"sirmione-de\" data-term-id=\"222\" data-taxonomy=\"areas\" \n                                       data-parent-value=\"\" data-value=\"sirmione-de\" >Sirmione<\/option><option role=\"presentation\" value=\"soiano-del-lago-de\" data-term-id=\"226\" data-taxonomy=\"areas\" \n                                       data-parent-value=\"\" data-value=\"soiano-del-lago-de\" >Soiano Del Lago<\/option>\n        <\/select><\/div><div class=\"elementor-field-group elementor-column form-group elementor-field-group-598a1da elementor-col-25\"> <label for=\"form-field-598a1da\" class=\"elementor-field-label\">Zimmer<\/label><div class=\"dropdown active bbrb-wpestate_build_dropdown_adv_new Zimmer ... wpresidence_dropdown \">\n            <button data-toggle=\"dropdown\" id=\"zimmer\"\n                class=\"btn dropdown-toggle  filter_menu_trigger  \"\n                type=\"button\" data-bs-toggle=\"dropdown\" aria-expanded=\"false\"\n                data-value=\"all\" data-term-id-selected=\"0\" data-search-taxonomy=\"\" data-search-compare=\"like\" data-search-post-meta=\"zimmer\">Zimmer ...<\/button>\n            <input type=\"hidden\" name=\"zimmer\" data-term-id-selected=\"0\" data-search-taxonomy=\"\" data-search-compare=\"like\" data-search-post-meta=\"zimmer\" value=\"\">\n            <ul id=\"search-zimmer\" class=\"dropdown-menu filter_menu\" role=\"menu\" aria-labelledby=\"zimmer\" data-term-id-selected=\"0\" data-search-taxonomy=\"\" data-search-compare=\"like\" data-search-post-meta=\"zimmer\">\n                 <li role=\"presentation\" data-value=\"all\">Zimmer ...<\/li><li data-value=\"1\"  value=\"1\">1<\/li><li data-value=\"2\"  value=\"2\"> 2<\/li><li data-value=\"3\"  value=\"3\"> 3<\/li><li data-value=\"4\"  value=\"4\"> 4<\/li><li data-value=\"5\"  value=\"5\"> 5<\/li><li data-value=\"6\"  value=\"6\"> 6+<\/li>\n            <\/ul>\n        <\/div><\/div><div class=\"elementor-field-group elementor-column form-group elementor-field-group-ef9300f elementor-col-25\"> <label for=\"form-field-ef9300f\" class=\"elementor-field-label\">B\u00e4der<\/label><div class=\"dropdown active bbrb-wpestate_build_dropdown_adv_new B\u00e4der ... wpresidence_dropdown \">\n            <button data-toggle=\"dropdown\" id=\"baeder\"\n                class=\"btn dropdown-toggle  filter_menu_trigger  \"\n                type=\"button\" data-bs-toggle=\"dropdown\" aria-expanded=\"false\"\n                data-value=\"all\" data-term-id-selected=\"0\" data-search-taxonomy=\"\" data-search-compare=\"like\" data-search-post-meta=\"baeder\">B\u00e4der ...<\/button>\n            <input type=\"hidden\" name=\"baeder\" data-term-id-selected=\"0\" data-search-taxonomy=\"\" data-search-compare=\"like\" data-search-post-meta=\"baeder\" value=\"\">\n            <ul id=\"search-baeder\" class=\"dropdown-menu filter_menu\" role=\"menu\" aria-labelledby=\"baeder\" data-term-id-selected=\"0\" data-search-taxonomy=\"\" data-search-compare=\"like\" data-search-post-meta=\"baeder\">\n                 <li role=\"presentation\" data-value=\"all\">B\u00e4der ...<\/li><li data-value=\"1\"  value=\"1\">1<\/li><li data-value=\"2\"  value=\"2\"> 2<\/li><li data-value=\"3\"  value=\"3\"> 3<\/li><li data-value=\"4\"  value=\"4\"> 4<\/li><li data-value=\"5\"  value=\"5\"> 5<\/li><li data-value=\"6\"  value=\"6\"> 6+<\/li>\n            <\/ul>\n        <\/div><\/div><div class=\"elementor-field-group elementor-column form-group elementor-field-group-840be29 elementor-col-25\"> <label for=\"form-field-840be29\" class=\"elementor-field-label\">Referenz<\/label><input type=\"text\" id=\"beds_baths\"  name=\"beds_baths\" data-search-post-meta=\"beds_baths\" data-search-compare=\"like\" placeholder=\"GD....\" value=\"\" class=\"advanced_select form-control\" ><\/div><div class=\"elementor-field-group elementor-column form-group elementor-field-group-6fbdb33 elementor-col-25\"> <label for=\"form-field-6fbdb33\" class=\"elementor-field-label\">Fl\u00e4che<\/label><input type=\"text\" id=\"property_status\"  name=\"property_status\" data-search-post-meta=\"property_status\" data-search-compare=\"greater\" placeholder=\"Mindestfl\u00e4che\" value=\"\" class=\"advanced_select form-control\" ><\/div><div class=\"elementor-field-group elementor-column form-group elementor-field-group-f6317e8 elementor-col-100\"> <div class=\"adv_search_slider wpestate_elementor_search_tab_slider_wrapper \">\n                    <p>\n                        <label>Preisklasse:<\/label>\n                        <span id=\"amount_elementor_search__elementor\"  class=\"wpresidence_slider_price\" data-default=\"\u20ac0 bis \u20ac10.000.000\" >\u20ac0 bis \u20ac10.000.000<\/span>\n                    <\/p>\n                    <div id=\"slider_price__elementor\" class=\"wpestate_elementor_search_tab_slider\"><\/div>\n                <input type=\"hidden\" id=\"price_low_elementor_search_\" class=\"adv_search_elementor_price_low price_active\" name=\"price_low\"  value=\"0\" data-value=\"0\" \/>\n                <input type=\"hidden\" id=\"price_max_elementor_search_\" class=\"adv_search_elementor_price_max price_active\" name=\"price_max\"  value=\"10000000\" data-value=\"10000000\" \/>\n                <input type=\"hidden\"  class=\"price_label_component\" name=\"price_label_component_\"   value=\"\" \/><\/div><\/div><div class=\"elemenentor_submit_wrapper elementor-field-group form-group  form_field_show_labels_true  elementor-column elementor-col-40\" ><button name=\"submit\" type=\"submit\" class=\"wpresidence_button  search_button_use_hover_effect_notrue\"  value=\"Suche starten\"><div class=\"elementor-icon\"><svg aria-hidden=\"true\" class=\"e-font-icon-svg e-fas-search\" viewBox=\"0 0 512 512\" xmlns=\"http:\/\/www.w3.org\/2000\/svg\"><path d=\"M505 442.7L405.3 343c-4.5-4.5-10.6-7-17-7H372c27.6-35.3 44-79.7 44-128C416 93.1 322.9 0 208 0S0 93.1 0 208s93.1 208 208 208c48.3 0 92.7-16.4 128-44v16.3c0 6.4 2.5 12.5 7 17l99.7 99.7c9.4 9.4 24.6 9.4 33.9 0l28.3-28.3c9.4-9.4 9.4-24.6.1-34zM208 336c-70.7 0-128-57.2-128-128 0-70.7 57.2-128 128-128 70.7 0 128 57.2 128 128 0 70.7-57.2 128-128 128z\"><\/path><\/svg><\/div>Suche starten<\/button><\/div><div class=\"elementor-field-group elementor-column form-group elementor-col-100\"><div class=\"residence_adv_extended_options_text\" >Weitere Suchoptionen<\/div><div class=\"extended_search_check_wrapper\"><span class=\"adv_extended_close_button\" ><i class=\"fas fa-times\"><\/i><\/span><\/div><\/div><input type=\"hidden\" name=\"elementor_form_id\" value=\"4832\"><\/form>        <\/div>\n        \n    <\/div>\n        \n    \t\t\t\t<\/div>\n\t\t\t\t<\/div>\n\t\t\t\t<\/div>\n\t\t\t\t\t<\/div>\n\t\t\t\t<\/div>\n\t\t\t\t<\/div>\n\t\t","protected":false},"excerpt":{"rendered":"<p>Erweiterte Suche TypologieAgriturismoAppartamentoAtticoBifamiliareCasa A SchieraCasa SingolaMultipropriet\u00e0RusticoTerrenoTrifamiliareVilla ProvinzBresciaMantovaPiacenzaVerona StadtDesenzano Del GardaGuidizzoloLonato Del GardaManerba Del GardaMoniga Del GardaPadenghe Sul GardaPeschiera Del GardaPiacenzaPolpenazze Del GardaPozzolengoPuegnago Sul GardaSirmioneSoiano Del Lago Zimmer Zimmer &#8230; Zimmer &#8230; 1 2 3 4 5 6+ B\u00e4der B\u00e4der &#8230; B\u00e4der &#8230; 1 2 3 4 5 6+ Referenz Fl\u00e4che Prezzo: \u20ac0 a \u20ac10.000.000 Suche startenAltre opzioni di ricerca<\/p>\n","protected":false},"author":1,"featured_media":0,"parent":0,"menu_order":0,"comment_status":"closed","ping_status":"closed","template":"page-templates\/advanced_search_results.php","meta":{"inline_featured_image":false,"footnotes":""},"class_list":["post-4832","page","type-page","status-publish","hentry"],"_links":{"self":[{"href":"https:\/\/gardadreamrealestate.com\/de\/wp-json\/wp\/v2\/pages\/4832","targetHints":{"allow":["GET"]}}],"collection":[{"href":"https:\/\/gardadreamrealestate.com\/de\/wp-json\/wp\/v2\/pages"}],"about":[{"href":"https:\/\/gardadreamrealestate.com\/de\/wp-json\/wp\/v2\/types\/page"}],"author":[{"embeddable":true,"href":"https:\/\/gardadreamrealestate.com\/de\/wp-json\/wp\/v2\/users\/1"}],"replies":[{"embeddable":true,"href":"https:\/\/gardadreamrealestate.com\/de\/wp-json\/wp\/v2\/comments?post=4832"}],"version-history":[{"count":0,"href":"https:\/\/gardadreamrealestate.com\/de\/wp-json\/wp\/v2\/pages\/4832\/revisions"}],"wp:attachment":[{"href":"https:\/\/gardadreamrealestate.com\/de\/wp-json\/wp\/v2\/media?parent=4832"}],"curies":[{"name":"wp","href":"https:\/\/api.w.org\/{rel}","templated":true}]}}